{"id":21,"date":"2025-06-13T21:11:33","date_gmt":"2025-06-13T19:11:33","guid":{"rendered":"http:\/\/regresja.com.pl\/?page_id=21"},"modified":"2026-04-04T21:48:14","modified_gmt":"2026-04-04T19:48:14","slug":"kontakt","status":"publish","type":"page","link":"https:\/\/regresja.com.pl\/?page_id=21","title":{"rendered":"KONTAKT"},"content":{"rendered":"\n<h2 class=\"wp-block-heading\">\ud83d\udcde Kontakt z nami<\/h2>\n\n\n\n<p>Jeste\u015bmy dost\u0119pni dla Ciebie od poniedzia\u0142ku do pi\u0105tku w godzinach <strong>9:00\u201317:00<\/strong>. <\/p>\n\n\n\n<p>Obs\u0142ugujemy klient\u00f3w w ca\u0142ej Polsce \u2013 mailowo, telefonicznie lub przez formularz kontaktowy.<\/p>\n\n\n\n<p>Spotkania osobiste mo\u017cliwe s\u0105 wy\u0142\u0105cznie po wcze\u015bniejszym um\u00f3wieniu.<\/p>\n\n\n\n<hr class=\"wp-block-separator has-alpha-channel-opacity\"\/>\n\n\n\n<h3 class=\"wp-block-heading\">\ud83d\udcc2 E-mail kontaktowy wed\u0142ug sprawy:<\/h3>\n\n\n\n<ul class=\"wp-block-list\">\n<li><strong>Og\u00f3lny kontakt:<\/strong> <a href=\"mailto:biuro@regresja.com.pl\">biuro@regresja.com.pl<\/a><\/li>\n\n\n\n<li><strong>Reklamacje:<\/strong> <a href=\"mailto:reklamacja@regresja.com.pl\">reklamacja@regresja.com.pl<\/a><\/li>\n\n\n\n<li><strong>Dane osobowe (IODO):<\/strong> <a href=\"mailto:iodo@regresja.com.pl\">iodo@regresja.com.pl<\/a><\/li>\n<\/ul>\n\n\n\n<hr class=\"wp-block-separator has-alpha-channel-opacity\"\/>\n\n\n\n<h3 class=\"wp-block-heading\">\ud83d\udcf1 Numery telefon\u00f3w:<\/h3>\n\n\n\n<ul class=\"wp-block-list\">\n<li>\u260e\ufe0f <strong>Biuro Obs\u0142ugi Klienta:<\/strong> <a href=\"tel:+48516076785\">+48 789 169 401<\/a><\/li>\n<\/ul>\n\n\n\n<hr class=\"wp-block-separator has-alpha-channel-opacity\"\/>\n\n\n\n<h3 class=\"wp-block-heading\">Adres:<\/h3>\n\n\n\n<p>ul. Kalwaryjska 69\/9, 30-504 Krak\u00f3w<\/p>\n\n\n\n<h3 class=\"wp-block-heading\">Adres korespondencyjny:<\/h3>\n\n\n\n<p>ul. Heleny Marusarz\u00f3wny 33, 30-440 Krak\u00f3w<\/p>\n\n\n<div class=\"wp-block-image\">\n<figure class=\"aligncenter size-large is-resized\"><img fetchpriority=\"high\" decoding=\"async\" width=\"1024\" height=\"1024\" src=\"https:\/\/regresja.com.pl\/wp-content\/uploads\/2026\/04\/regresja-logo-1-1024x1024.png\" alt=\"\" class=\"wp-image-543\" style=\"width:378px;height:auto\" srcset=\"https:\/\/regresja.com.pl\/wp-content\/uploads\/2026\/04\/regresja-logo-1-1024x1024.png 1024w, https:\/\/regresja.com.pl\/wp-content\/uploads\/2026\/04\/regresja-logo-1-300x300.png 300w, https:\/\/regresja.com.pl\/wp-content\/uploads\/2026\/04\/regresja-logo-1-150x150.png 150w, https:\/\/regresja.com.pl\/wp-content\/uploads\/2026\/04\/regresja-logo-1-768x768.png 768w, https:\/\/regresja.com.pl\/wp-content\/uploads\/2026\/04\/regresja-logo-1.png 1400w\" sizes=\"(max-width: 1024px) 100vw, 1024px\" \/><\/figure>\n<\/div>\n\n\n<p><br><\/p>\n\n\n\n<p><\/p>\n","protected":false},"excerpt":{"rendered":"<p>\ud83d\udcde Kontakt z nami Jeste\u015bmy dost\u0119pni dla Ciebie od poniedzia\u0142ku do pi\u0105tku w godzinach 9:00\u201317:00. Obs\u0142ugujemy klient\u00f3w w ca\u0142ej Polsce \u2013 mailowo, telefonicznie lub przez formularz kontaktowy. Spotkania osobiste mo\u017cliwe s\u0105 wy\u0142\u0105cznie po wcze\u015bniejszym um\u00f3wieniu. \ud83d\udcc2 E-mail kontaktowy wed\u0142ug sprawy: \ud83d\udcf1 Numery telefon\u00f3w: Adres: ul. Kalwaryjska 69\/9, 30-504 Krak\u00f3w Adres korespondencyjny: ul. Heleny Marusarz\u00f3wny 33,&#8230;<\/p>\n","protected":false},"author":1,"featured_media":0,"parent":0,"menu_order":0,"comment_status":"closed","ping_status":"closed","template":"","meta":{"_kad_post_transparent":"","_kad_post_title":"","_kad_post_layout":"","_kad_post_sidebar_id":"","_kad_post_content_style":"","_kad_post_vertical_padding":"","_kad_post_feature":"","_kad_post_feature_position":"","_kad_post_header":false,"_kad_post_footer":false,"footnotes":""},"class_list":["post-21","page","type-page","status-publish","hentry"],"_links":{"self":[{"href":"https:\/\/regresja.com.pl\/index.php?rest_route=\/wp\/v2\/pages\/21","targetHints":{"allow":["GET"]}}],"collection":[{"href":"https:\/\/regresja.com.pl\/index.php?rest_route=\/wp\/v2\/pages"}],"about":[{"href":"https:\/\/regresja.com.pl\/index.php?rest_route=\/wp\/v2\/types\/page"}],"author":[{"embeddable":true,"href":"https:\/\/regresja.com.pl\/index.php?rest_route=\/wp\/v2\/users\/1"}],"replies":[{"embeddable":true,"href":"https:\/\/regresja.com.pl\/index.php?rest_route=%2Fwp%2Fv2%2Fcomments&post=21"}],"version-history":[{"count":7,"href":"https:\/\/regresja.com.pl\/index.php?rest_route=\/wp\/v2\/pages\/21\/revisions"}],"predecessor-version":[{"id":544,"href":"https:\/\/regresja.com.pl\/index.php?rest_route=\/wp\/v2\/pages\/21\/revisions\/544"}],"wp:attachment":[{"href":"https:\/\/regresja.com.pl\/index.php?rest_route=%2Fwp%2Fv2%2Fmedia&parent=21"}],"curies":[{"name":"wp","href":"https:\/\/api.w.org\/{rel}","templated":true}]}}