{"id":20,"date":"2025-06-13T21:11:33","date_gmt":"2025-06-13T19:11:33","guid":{"rendered":"http:\/\/regresja.com.pl\/?page_id=20"},"modified":"2026-04-04T20:46:25","modified_gmt":"2026-04-04T18:46:25","slug":"uslugi","status":"publish","type":"page","link":"https:\/\/regresja.com.pl\/?page_id=20","title":{"rendered":"US\u0141UGI"},"content":{"rendered":"\n<p>W Regresji specjalizujemy si\u0119 w \u015bwiadczeniu profesjonalnych us\u0142ug prawnych i doradczych, kt\u00f3re realnie rozwi\u0105zuj\u0105 problemy naszych klient\u00f3w. Oferujemy wsparcie w dochodzeniu odszkodowa\u0144, odzyskiwaniu prawa jazdy, sporz\u0105dzaniu pism procesowych i administracyjnych oraz windykacji nale\u017cno\u015bci.<\/p>\n\n\n\n<p>Dzia\u0142amy zdalnie na terenie ca\u0142ej Polski \u2013 szybko, skutecznie i bez zb\u0119dnych formalno\u015bci. Naszym celem jest zapewnienie Ci poczucia bezpiecze\u0144stwa i odzyskanie tego, co Ci si\u0119 prawnie nale\u017cy.<\/p>\n\n\n\n<p>Poznaj szczeg\u00f3\u0142y naszych us\u0142ug i sprawd\u017a, jak mo\u017cemy Ci pom\u00f3c.<\/p>\n","protected":false},"excerpt":{"rendered":"<p>W Regresji specjalizujemy si\u0119 w \u015bwiadczeniu profesjonalnych us\u0142ug prawnych i doradczych, kt\u00f3re realnie rozwi\u0105zuj\u0105 problemy naszych klient\u00f3w. Oferujemy wsparcie w dochodzeniu odszkodowa\u0144, odzyskiwaniu prawa jazdy, sporz\u0105dzaniu pism procesowych i administracyjnych oraz windykacji nale\u017cno\u015bci. Dzia\u0142amy zdalnie na terenie ca\u0142ej Polski \u2013 szybko, skutecznie i bez zb\u0119dnych formalno\u015bci. Naszym celem jest zapewnienie Ci poczucia bezpiecze\u0144stwa i odzyskanie&#8230;<\/p>\n","protected":false},"author":1,"featured_media":0,"parent":0,"menu_order":0,"comment_status":"closed","ping_status":"closed","template":"","meta":{"_kad_post_transparent":"","_kad_post_title":"","_kad_post_layout":"","_kad_post_sidebar_id":"","_kad_post_content_style":"","_kad_post_vertical_padding":"","_kad_post_feature":"","_kad_post_feature_position":"","_kad_post_header":false,"_kad_post_footer":false,"footnotes":""},"class_list":["post-20","page","type-page","status-publish","hentry"],"_links":{"self":[{"href":"https:\/\/regresja.com.pl\/index.php?rest_route=\/wp\/v2\/pages\/20","targetHints":{"allow":["GET"]}}],"collection":[{"href":"https:\/\/regresja.com.pl\/index.php?rest_route=\/wp\/v2\/pages"}],"about":[{"href":"https:\/\/regresja.com.pl\/index.php?rest_route=\/wp\/v2\/types\/page"}],"author":[{"embeddable":true,"href":"https:\/\/regresja.com.pl\/index.php?rest_route=\/wp\/v2\/users\/1"}],"replies":[{"embeddable":true,"href":"https:\/\/regresja.com.pl\/index.php?rest_route=%2Fwp%2Fv2%2Fcomments&post=20"}],"version-history":[{"count":4,"href":"https:\/\/regresja.com.pl\/index.php?rest_route=\/wp\/v2\/pages\/20\/revisions"}],"predecessor-version":[{"id":477,"href":"https:\/\/regresja.com.pl\/index.php?rest_route=\/wp\/v2\/pages\/20\/revisions\/477"}],"wp:attachment":[{"href":"https:\/\/regresja.com.pl\/index.php?rest_route=%2Fwp%2Fv2%2Fmedia&parent=20"}],"curies":[{"name":"wp","href":"https:\/\/api.w.org\/{rel}","templated":true}]}}